{"id":2450,"date":"2011-02-28T16:37:09","date_gmt":"2011-02-28T15:37:09","guid":{"rendered":"https:\/\/www.nbamaniacs.com\/de\/?page_id=2450"},"modified":"2025-05-28T14:20:20","modified_gmt":"2025-05-28T12:20:20","slug":"rechtlicher-hinweis","status":"publish","type":"page","link":"https:\/\/www.nbamaniacs.com\/de\/rechtlicher-hinweis\/","title":{"rendered":"Rechtlicher Hinweis"},"content":{"rendered":"\n<h2 class=\"wp-block-heading\">Vorabinformation<\/h2>\n\n\n\n<p>HAFTUNGSAUSSCHLUSS: NBAMANIACS STEHT IN KEINER WEISE IN VERBINDUNG ZUR NBA UND HAT KEINE AFFILIATION MIT DIESER ODER EINIGEN IHRER MARKENZEICHEN.<\/p>\n\n\n\n<h2 class=\"wp-block-heading\">Daten der verantwortlichen Person<\/h2>\n\n\n\n<ul class=\"wp-block-list\">\n<li>Verantwortlich:<\/li>\n\n\n\n<li>Wohnsitz:<\/li>\n\n\n\n<li>E-Mail-Adresse: <strong>info@nbamaniacs.com<\/strong><\/li>\n<\/ul>\n\n\n\n<h2 class=\"wp-block-heading\">Informationen<\/h2>\n\n\n\n<p>In diesem Bereich findet der Nutzer alle Informationen zu den rechtlichen Bedingungen, die das Verh\u00e4ltnis zwischen dem Nutzer und dem Verantwortlichen dieser Website regeln. Als Nutzer ist es wichtig, dass Sie diese Bedingungen kennen, bevor Sie weiter auf der Seite surfen.<\/p>\n\n\n\n<p>nbamaniacs als Verantwortlicher dieser Website verpflichtet sich, die Informationen der Nutzer mit voller Garantie zu verarbeiten und die nationalen sowie europ\u00e4ischen Vorschriften zum Schutz der personenbezogenen Daten unserer Nutzer einzuhalten.<\/p>\n\n\n\n<p>Diese Website entspricht der Verordnung (EU) 2016\/679 des Europ\u00e4ischen Parlaments und des Rates vom 27. April 2016 zum Schutz nat\u00fcrlicher Personen (DSGVO).<\/p>\n\n\n\n<h2 class=\"wp-block-heading\">Zweck der Website<\/h2>\n\n\n\n<p>Die vom Verantwortlichen der Website bereitgestellten Dienstleistungen sind wie folgt:<\/p>\n\n\n\n<ul class=\"wp-block-list\">\n<li>Ver\u00f6ffentlichung von Informationen zum Thema Basketball.<\/li>\n\n\n\n<li>Gewinnung zahlender Nutzer f\u00fcr den werbefreien Text- und Podcast-Abonnementdienst.<\/li>\n\n\n\n<li>Verwaltung der Liste der Abonnenten und Nutzer der Website.<\/li>\n\n\n\n<li>Bereitstellung von Inhalten auf der Website.<\/li>\n\n\n\n<li>Verwaltung des Partner- und H\u00e4ndlernetzwerks sowie der Zahlungen.<\/li>\n\n\n\n<li>Erf\u00fcllung der entsprechenden buchhalterischen, rechtlichen, steuerlichen und administrativen Verpflichtungen.<\/li>\n<\/ul>\n\n\n\n<h2 class=\"wp-block-heading\">Allgemeine Nutzungsbedingungen<\/h2>\n\n\n\n<p>Diese allgemeinen Bedingungen regeln die Nutzung (einschlie\u00dflich des blo\u00dfen Zugriffs) der Webseiten von nbamaniacs, einschlie\u00dflich der darauf bereitgestellten Inhalte und Dienstleistungen. Jede Person, die auf die Website https:\/\/nbamaniacs.com zugreift (&#8222;Nutzer&#8220;), erkl\u00e4rt sich mit den zum jeweiligen Zeitpunkt geltenden allgemeinen Bedingungen des Portals https:\/\/nbamaniacs.com einverstanden.<\/p>\n\n\n\n<h2 class=\"wp-block-heading\">Personenbezogene Daten, die wir erfassen, und wie wir damit umgehen<\/h2>\n\n\n\n<p>Ein klar strukturiertes Dokument, das alle Informationen dar\u00fcber enth\u00e4lt, welche Daten nbamaniacs erfasst: wie sie gesammelt werden, wozu sie dienen, was damit geschieht, mit wem sie geteilt werden usw. Alles finden Sie in unserer <a href=\"https:\/\/www.nbamaniacs.com\/de\/datenschutzrichtlinie\/\" data-type=\"page\" data-id=\"181462\">Datenschutzerkl\u00e4rung<\/a>.<\/p>\n\n\n\n<h2 class=\"wp-block-heading\">Verpflichtungen und Pflichten der Nutzer<\/h2>\n\n\n\n<p>Der Nutzer wird dar\u00fcber informiert und akzeptiert, dass der Zugriff auf diese Website in keiner Weise den Beginn einer Gesch\u00e4ftsbeziehung mit nbamaniacs bedeutet. Der Nutzer verpflichtet sich daher, die Website, ihre Dienste und Inhalte unter Einhaltung der geltenden Gesetze, des guten Glaubens und der \u00f6ffentlichen Ordnung zu nutzen.<\/p>\n\n\n\n<p>Die Nutzung der Website zu illegalen oder sch\u00e4dlichen Zwecken oder in einer Weise, die die ordnungsgem\u00e4\u00dfe Funktion der Website beeintr\u00e4chtigen k\u00f6nnte, ist verboten. Hinsichtlich der Inhalte dieser Website ist Folgendes untersagt:<\/p>\n\n\n\n<ul class=\"wp-block-list\">\n<li>Reproduktion, Verbreitung oder Ver\u00e4nderung, ganz oder teilweise, ohne ausdr\u00fcckliche Genehmigung durch nbamaniacs als rechtm\u00e4\u00dfiger Eigent\u00fcmer.<\/li>\n\n\n\n<li>Jeglicher Versto\u00df gegen die Rechte des Anbieters oder von nbamaniacs als rechtm\u00e4\u00dfiger Eigent\u00fcmer.<\/li>\n\n\n\n<li>Nutzung zu kommerziellen oder werblichen Zwecken.<\/li>\n<\/ul>\n\n\n\n<p>Bei der Nutzung der Website https:\/\/nbamaniacs.com verpflichtet sich der Nutzer, keine Handlungen vorzunehmen, die das Image, die Interessen oder die Rechte von nbamaniacs oder Dritten sch\u00e4digen oder das Portal https:\/\/nbamaniacs.com besch\u00e4digen, deaktivieren oder \u00fcberlasten oder auf andere Weise die normale Nutzung der Website verhindern k\u00f6nnten.<\/p>\n\n\n\n<p>Der Nutzer muss sich jedoch bewusst sein, dass die Sicherheitsma\u00dfnahmen von Computersystemen im Internet nicht vollst\u00e4ndig zuverl\u00e4ssig sind. Daher kann https:\/\/www.nbamaniacs.com\/de nicht garantieren, dass keine Malware oder andere Elemente vorhanden sind, die Ver\u00e4nderungen an Computersystemen (Software und Hardware) des Nutzers oder an deren elektronischen Dokumenten und Dateien verursachen k\u00f6nnen, obwohl wir alle notwendigen Mittel und geeigneten Sicherheitsma\u00dfnahmen einsetzen, um das Auftreten solcher sch\u00e4dlichen Elemente zu verhindern.<\/p>\n\n\n\n<h2 class=\"wp-block-heading\">Datenerfassung<\/h2>\n\n\n\n<ul class=\"wp-block-list\">\n<li><span style=\"font-size: inherit;\">Anmeldeformular, bei dem der NUTZER die notwendigen Felder (Name und E-Mail) ausf\u00fcllt; bei Auswahl eines kostenpflichtigen Abonnements wird auch eine Debit- oder Kreditkarte hinzugef\u00fcgt.<\/span><\/li>\n\n\n\n<li><span style=\"font-size: inherit;\">Tracking-Cookies gem\u00e4\u00df den Bestimmungen unserer Cookie-Richtlinie.<\/span><\/li>\n\n\n\n<li><span style=\"font-size: inherit;\">Surfverhalten und IP-Adresse: Beim Besuch dieser Website \u00fcbermittelt der Nutzer dem Webserver automatisch Informationen wie IP-Adresse, Datum und Uhrzeit des Zugriffs, verwendetes Betriebssystem, Browser sowie den Hyperlink, der ihn auf die Seite weitergeleitet hat.<\/span><\/li>\n\n\n\n<li>Pop-ups zur Inhaltsanmeldung: Innerhalb des Blogs erscheinen Pop-ups mit Formularen zur Aktivierung des Abonnements. Der NUTZER muss die erforderlichen Felder (Name und E-Mail) ausf\u00fcllen; bei Auswahl eines kostenpflichtigen Abonnements wird auch eine Debit- oder Kreditkarte hinzugef\u00fcgt.<\/li>\n<\/ul>\n\n\n\n<p>nbamaniacs beh\u00e4lt sich in jedem Fall das Recht vor, jederzeit und ohne vorherige Ank\u00fcndigung die Darstellung und Konfiguration der Website sowie dieses rechtliche Hinweises zu \u00e4ndern.<\/p>\n\n\n\n<p>Wenn Sie Spam-Filter verwenden, f\u00fcgen Sie bitte unseren E-Mail-Dienst zu Ihrer Liste der erlaubten Absender hinzu.<\/p>\n\n\n\n<p>In allen F\u00e4llen, in denen Sie uns Ihre Daten \u00fcber eines der Anmeldeformulare auf der Website \u00fcbermitteln, werden wir Ihre E-Mail-Adresse \u00fcber ein Verifizierungssystem best\u00e4tigen.<\/p>\n\n\n\n<p>\u00dcberpr\u00fcfen Sie bitte Ihren Posteingang. Sie erhalten eine Nachricht von einer Memberful-Adresse als Antwort auf info@nbamaniacs.com mit dem Betreff \u201eBest\u00e4tigen Sie Ihr Abonnement\u201c: Sie m\u00fcssen Ihr Abonnement best\u00e4tigen, damit wir Ihre E-Mail-Adresse verifizieren k\u00f6nnen.<\/p>\n\n\n\n<p>Wir verwenden die bereitgestellten Daten, um Ihnen unseren Newsletter zuzusenden, Ihr Abonnement zu aktivieren und Sie \u00fcber Neuigkeiten und Sonderangebote zu informieren; bei einem kostenpflichtigen Abonnement senden wir Ihnen zudem exklusive Inhalte f\u00fcr Abonnenten. nbamaniacs.com speichert keine E-Mail-Adressen, die nicht verifiziert wurden.<\/p>\n\n\n\n<p>Sie k\u00f6nnen sich jederzeit \u00fcber denselben Newsletter oder per E-Mail an info@nbamaniacs.com von den Diensten von nbamaniacs.com abmelden.<\/p>\n\n\n\n<h2 class=\"wp-block-heading\">Sicherheitsma\u00dfnahmen<\/h2>\n\n\n\n<p>nbamaniacs verf\u00fcgt \u00fcber keinen Kanal zum Empfang personenbezogener Daten wie Kontaktformulare oder Kommentare, daher sammelt nbamaniacs ausschlie\u00dflich Navigationsdaten \u00fcber Google Analytics (IP, Standort) oder durch E-Mails von Benutzern und Lesern. Die Kommunikation zwischen den Nutzern und https:\/\/www.nbamaniacs.com\/de erfolgt \u00fcber einen sicheren Kanal, und die \u00fcbermittelten Daten sind dank HTTPS-Protokollen verschl\u00fcsselt. Ich garantiere daher die bestm\u00f6glichen Sicherheitsbedingungen, um die Vertraulichkeit der Nutzer zu gew\u00e4hrleisten.<\/p>\n\n\n\n<p>Die E-Mail-Kommunikation ist nicht verschl\u00fcsselt und somit weniger sicher. nbamaniacs kann daher nicht garantieren, dass Dritte aufgrund einer Sicherheitsl\u00fccke keinen Zugriff auf die Daten erhalten. In jedem Fall verwendet nbamaniacs lange und sichere alphanumerische Passw\u00f6rter sowie eine Zwei-Faktor-Authentifizierung, um unbefugten Zugriff auf das nbamaniacs-E-Mail-Konto zu verhindern, das \u00fcber Google Workspace betrieben wird.<\/p>\n\n\n\n<h2 class=\"wp-block-heading\">Urheber- und gewerbliche Schutzrechte<\/h2>\n\n\n\n<p>Gem\u00e4\u00df den Artikeln 8 und 32.1, zweiter Absatz, des Gesetzes \u00fcber geistiges Eigentum ist die Vervielf\u00e4ltigung, Verbreitung und \u00f6ffentliche Wiedergabe, einschlie\u00dflich der Zug\u00e4nglichmachung, von Inhalten dieser Website \u2013 ganz oder teilweise \u2013 zu kommerziellen Zwecken in jeglichem Medium und mit jeglichen technischen Mitteln ohne die Genehmigung von nbamaniacs ausdr\u00fccklich untersagt. Der Nutzer verpflichtet sich, die Urheber- und gewerblichen Schutzrechte von nbamaniacs zu respektieren.<\/p>\n\n\n\n<p>Der Nutzer wei\u00df und akzeptiert, dass ein Gro\u00dfteil der Website \u2013 einschlie\u00dflich, aber nicht beschr\u00e4nkt auf Texte, Software, Inhalte (einschlie\u00dflich Struktur, Auswahl, Anordnung und Darstellung derselben) \u2013 durch Marken, Urheberrechte und andere legitime Rechte gem\u00e4\u00df internationalen Vertr\u00e4gen, denen Spanien beigetreten ist, sowie durch spanische Gesetze gesch\u00fctzt ist.<\/p>\n\n\n\n<p>Unsere Ver\u00f6ffentlichungen stehen unter einer Creative-Commons-Lizenz, die die Nutzung der Inhalte f\u00fcr nicht-kommerzielle Zwecke erlaubt, sofern der Autor genannt wird. Das bedeutet, dass alle unsere Inhalte \u2013 mit Ausnahme einiger Fotos und Videos \u2013 frei verwendet werden d\u00fcrfen. Jeder kann sie kopieren, vervielf\u00e4ltigen, verbreiten und bearbeiten, unter folgenden Bedingungen:<\/p>\n\n\n\n<ul class=\"wp-block-list\">\n<li>Nur f\u00fcr nicht-kommerzielle Zwecke. Eine kommerzielle Nutzung liegt vor, wenn die Inhalte auf Seiten ver\u00f6ffentlicht werden, die Werbung zeigen oder zur Unterst\u00fctzung anderer Aktivit\u00e4ten wie dem Verkauf von Waren oder Dienstleistungen dienen.<\/li>\n\n\n\n<li>Die urspr\u00fcngliche Quellenangabe zum Autor muss durch einen direkten Link (ohne &#8222;nofollow&#8220;) zur jeweiligen Seite, auf der der Inhalt urspr\u00fcnglich ver\u00f6ffentlicht wurde, bestehen bleiben. In Printmedien gen\u00fcgt die Nennung des Namens nbamaniacs und der allgemeinen URL.<\/li>\n<\/ul>\n\n\n\n<p>Die auf nbamaniacs ver\u00f6ffentlichten Fotos werden mit Zustimmung von Getty Images ver\u00f6ffentlicht, gem\u00e4\u00df einer Vereinbarung zwischen Getty Images und nbamaniacs. Diese Vereinbarung erlaubt es Besuchern von nbamaniacs nicht, diese Bilder herunterzuladen, zu vervielf\u00e4ltigen oder auf anderen Webseiten zu ver\u00f6ffentlichen. Hinweis: Einige der von uns verwendeten Fotos und Videos geh\u00f6ren uns nicht, daher k\u00f6nnen wir auf diese Inhalte keine Creative-Commons-Lizenz anwenden.<\/p>\n\n\n\n<p>F\u00fcr Lizenzbedingungen besuchen Sie bitte <a href=\"http:\/\/creativecommons.org\/licenses\/by-nc\/3.0\/es\/\" rel=\"nofollow noopener\" target=\"_blank\">Creative-Commons-Lizenz<\/a>. Den vollst\u00e4ndigen Rechtstext finden Sie unter <a href=\"http:\/\/creativecommons.org\/licenses\/by-nc\/3.0\/es\/legalcode.es\" data-type=\"link\" data-id=\"http:\/\/creativecommons.org\/licenses\/by-nc\/3.0\/es\/legalcode.es\" rel=\"nofollow noopener\" target=\"_blank\">Rechtlicher Lizenztext<\/a>.<\/p>\n\n\n\n<p>Falls ein Nutzer oder Dritter der Ansicht ist, dass durch bestimmte Inhalte auf der Website seine legitimen Urheberrechte verletzt wurden, muss er nbamaniacs per E-Mail an info@nbamaniacs.com unter Angabe folgender Informationen benachrichtigen:<\/p>\n\n\n\n<ul class=\"wp-block-list\">\n<li>Pers\u00f6nliche Daten des Rechteinhabers der mutma\u00dflich verletzten Rechte oder Angabe der Vertretung, wenn die Beschwerde von einer anderen Person als dem Rechteinhaber eingereicht wird.<\/li>\n\n\n\n<li>Angabe der gesch\u00fctzten Inhalte sowie deren Position auf der Website, Nachweis der geltend gemachten Urheberrechte und eine ausdr\u00fcckliche Erkl\u00e4rung \u00fcber die Richtigkeit der in der Mitteilung gemachten Angaben.<\/li>\n<\/ul>\n\n\n\n<h2 class=\"wp-block-heading\">Externe Links<\/h2>\n\n\n\n<p>Die Seiten von https:\/\/www.nbamaniacs.com\/de k\u00f6nnen Links zu anderen Websites und Inhalten Dritter enthalten, wie zum Beispiel:<\/p>\n\n\n\n<ul class=\"wp-block-list\">\n<li>Inhalte aus anderen Medien oder Blogs.<\/li>\n\n\n\n<li>Webinhalte auf Basis von E-Commerce.<\/li>\n<\/ul>\n\n\n\n<p>Bitte beachten Sie, dass nbamaniacs nicht f\u00fcr die Datenschutzpraktiken anderer Websites verantwortlich ist. Dieser rechtliche Hinweis sowie unsere Datenschutzrichtlinie gelten ausschlie\u00dflich f\u00fcr die Informationen, die wir auf https:\/\/www.nbamaniacs.com\/de erfassen. Wir empfehlen Ihnen, die Datenschutzrichtlinien anderer Websites, auf die nbamaniacs verlinkt oder von denen Sie \u00fcber unsere Website aus zugreifen, sorgf\u00e4ltig zu lesen.<\/p>\n\n\n\n<h2 class=\"wp-block-heading\">Gesponserte Inhalte, Partnerlinks und Werbung<\/h2>\n\n\n\n<p>Dieser Blog bietet dem Nutzer gesponserte Inhalte, Werbung und\/oder Partnerlinks.<\/p>\n\n\n\n<p>Unter den Links k\u00f6nnen sich Hinweise auf Produkte und\/oder Dienstleistungen und\/oder digitale Produkte befinden.<\/p>\n\n\n\n<p>In solchen F\u00e4llen k\u00f6nnen Sie auf Webseiten Dritter weitergeleitet werden, wie z.\u202fB.:<\/p>\n\n\n\n<ul class=\"wp-block-list\">\n<li>Amazon, <a href=\"https:\/\/www.amazon.es\/\" rel=\"nofollow noopener\" target=\"_blank\">https:\/\/www.amazon.es\/<\/a><\/li>\n\n\n\n<li>Nike, <a href=\"https:\/\/store.nike.com\/es\/\" rel=\"nofollow noopener\" target=\"_blank\">https:\/\/store.nike.com\/es\/<\/a><\/li>\n\n\n\n<li>NBA Store, <a href=\"https:\/\/store.nba.com\" rel=\"nofollow noopener\" target=\"_blank\">https:\/\/nbastore.eu<\/a><\/li>\n\n\n\n<li>NBA League Pass, <a href=\"https:\/\/watch.nba.com\" rel=\"nofollow noopener\" target=\"_blank\">https:\/\/watch.nba.com<\/a><\/li>\n\n\n\n<li>Hellotickets, <a href=\"https:\/\/www.hellotickets.es\/\" rel=\"nofollow noopener\" target=\"_blank\">https:\/\/www.hellotickets.es\/<\/a><\/li>\n<\/ul>\n\n\n\n<p>Die in diesen Partnerlinks oder eingebetteten Anzeigen angezeigten Informationen stammen von den jeweiligen Werbetreibenden. nbamaniacs \u00fcbernimmt daher keine Verantwortung f\u00fcr etwaige Ungenauigkeiten oder Fehler in den Anzeigen und garantiert in keiner Weise die Erfahrung, Integrit\u00e4t oder Zuverl\u00e4ssigkeit der Werbenden oder die Qualit\u00e4t ihrer Produkte und\/oder Dienstleistungen.<\/p>\n\n\n\n<p>Dar\u00fcber hinaus bleiben die Anzeigen auf der Website ver\u00f6ffentlicht, bis sie vom Werbetreibenden oder von nbamaniacs entfernt oder ausgesetzt werden. Es liegt in der Natur der Sache, dass nbamaniacs keine Verantwortung \u00fcbernimmt, wenn die Anzeigen nach L\u00f6schung durch Suchmaschinen, die nicht zu diesem Portal geh\u00f6ren, weiterhin indexiert werden.<\/p>\n\n\n\n<p>Sie m\u00fcssen verstehen, dass jede vertragliche oder nicht-vertragliche Beziehung, die Sie als Nutzer mit Werbenden, Partnern oder Dritten eingehen, ausschlie\u00dflich zwischen Ihnen und diesen Parteien besteht. Sie akzeptieren daher, dass https:\/\/www.nbamaniacs.com\/de lediglich als Werbemedium agiert und keinerlei Verantwortung f\u00fcr Sch\u00e4den oder Verluste jeglicher Art \u00fcbernimmt, die sich aus Ihren Verhandlungen, Gespr\u00e4chen und\/oder Beziehungen mit den \u00fcber diese Website kontaktierten Dritten ergeben.<\/p>\n\n\n\n<h2 class=\"wp-block-heading\">Hinweis zu Amazon-Partnerprogrammen<\/h2>\n\n\n\n<p>Wir informieren Sie ebenfalls dar\u00fcber, dass einige der Partnerlinks auf dieser Website Teil des Amazon-Partnerprogramms sind (an dem nbamaniacs teilnimmt). Daher geben wir den folgenden Hinweis, der besagt, dass wir nicht f\u00fcr Fehler in den von Amazon angezeigten Informationen (Produktname, Beschreibung, Preis, Verf\u00fcgbarkeit usw.) verantwortlich sind:<\/p>\n\n\n\n<p>\u201eProduktpreise und Verf\u00fcgbarkeit entsprechen dem Stand zum angegebenen Datum\/Zeitpunkt und k\u00f6nnen sich \u00e4ndern. Ma\u00dfgeblich ist der Preis und die Verf\u00fcgbarkeit, wie sie zum Zeitpunkt des Kaufs auf der Amazon-Webseite angezeigt werden.\u201c<\/p>\n\n\n\n<p>\u201eEinige Inhalte auf dieser Seite stammen von Amazon Services LLC. Diese Inhalte werden &#8218;wie besehen&#8216; bereitgestellt und k\u00f6nnen jederzeit ge\u00e4ndert oder entfernt werden.\u201c<\/p>\n\n\n\n<h2 class=\"wp-block-heading\">Haftungsausschluss<\/h2>\n\n\n\n<p>nbamaniacs \u00fcbernimmt keine Garantien und haftet unter keinen Umst\u00e4nden f\u00fcr Sch\u00e4den jeglicher Art, die entstehen k\u00f6nnten durch:<\/p>\n\n\n\n<ul class=\"wp-block-list\">\n<li>Die fehlende Verf\u00fcgbarkeit, Wartung und ordnungsgem\u00e4\u00dfe Funktion der Website oder ihrer Dienste und Inhalte;<\/li>\n\n\n\n<li>Das Vorhandensein von Malware oder anderen sch\u00e4dlichen Programmen in den Inhalten;<\/li>\n\n\n\n<li>Die unrechtm\u00e4\u00dfige, fahrl\u00e4ssige oder betr\u00fcgerische Nutzung dieses rechtlichen Hinweises;<\/li>\n\n\n\n<li>Die fehlende Rechtm\u00e4\u00dfigkeit, Qualit\u00e4t, Zuverl\u00e4ssigkeit, N\u00fctzlichkeit oder Verf\u00fcgbarkeit der von Dritten bereitgestellten Dienste;<\/li>\n\n\n\n<li>Jegliche Sch\u00e4den, die durch die illegale oder unsachgem\u00e4\u00dfe Nutzung dieser Website entstehen.<\/li>\n<\/ul>\n\n\n\n<h2 class=\"wp-block-heading\"><strong>Allgemeine Bestimmungen<\/strong><\/h2>\n\n\n\n<p><strong>nbamaniacs.com<\/strong> wird Verst\u00f6\u00dfe gegen diese Bedingungen sowie eine missbr\u00e4uchliche Nutzung seiner Website durch alle rechtlich zur Verf\u00fcgung stehenden zivil- und strafrechtlichen Mittel verfolgen.<\/p>\n\n\n\n<h2 class=\"wp-block-heading\"><strong>\u00c4nderung dieser Bedingungen und G\u00fcltigkeitsdauer<\/strong><\/h2>\n\n\n\n<p><strong>nbamaniacs.com<\/strong> kann die hier aufgef\u00fchrten Bedingungen jederzeit \u00e4ndern, wobei diese wie hier dargestellt ordnungsgem\u00e4\u00df ver\u00f6ffentlicht werden. Die G\u00fcltigkeit dieser Bedingungen h\u00e4ngt von ihrer Ver\u00f6ffentlichung ab und bleibt bis zur Ver\u00f6ffentlichung und G\u00fcltigkeit der n\u00e4chsten Version bestehen.<\/p>\n\n\n\n<h2 class=\"wp-block-heading\">Anwendbares Recht und Gerichtsstand<\/h2>\n\n\n\n<p>Im Allgemeinen unterliegt die Beziehung zwischen nbamaniacs und den Nutzern seiner telematischen Dienste auf dieser Website dem spanischen Recht und der Gerichtsbarkeit der Gerichte in MADRID, Spanien.<\/p>\n\n\n\n<h2 class=\"wp-block-heading\">Kontakt<\/h2>\n\n\n\n<p>Wenn ein Nutzer Fragen zu diesem rechtlichen Hinweis oder Kommentare zu https:\/\/www.nbamaniacs.com\/de hat, wenden Sie sich bitte an info@nbamaniacs.com.<\/p>\n\n\n\n<p>Der rechtliche Hinweis wurde zuletzt am 30.09.2024 aktualisiert.<\/p>\n","protected":false},"excerpt":{"rendered":"<p>Vorabinformation HAFTUNGSAUSSCHLUSS: NBAMANIACS STEHT IN KEINER WEISE IN VERBINDUNG ZUR NBA UND HAT KEINE AFFILIATION MIT DIESER ODER EINIGEN IHRER MARKENZEICHEN. Daten der verantwortlichen Person &#8230; <a title=\"Rechtlicher Hinweis\" class=\"read-more\" href=\"https:\/\/www.nbamaniacs.com\/de\/rechtlicher-hinweis\/\" aria-label=\"Mehr Informationen \u00fcber Rechtlicher Hinweis\">Mehr lesen<\/a><\/p>\n","protected":false},"author":14497,"featured_media":0,"parent":0,"menu_order":0,"comment_status":"closed","ping_status":"closed","template":"","meta":{"footnotes":""},"wf_page_folders":[],"class_list":{"0":"post-2450","1":"page","2":"type-page","3":"status-publish","5":"no-featured-image-padding"},"featured_image_src":null,"_links":{"self":[{"href":"https:\/\/www.nbamaniacs.com\/de\/wp-json\/wp\/v2\/pages\/2450","targetHints":{"allow":["GET"]}}],"collection":[{"href":"https:\/\/www.nbamaniacs.com\/de\/wp-json\/wp\/v2\/pages"}],"about":[{"href":"https:\/\/www.nbamaniacs.com\/de\/wp-json\/wp\/v2\/types\/page"}],"author":[{"embeddable":true,"href":"https:\/\/www.nbamaniacs.com\/de\/wp-json\/wp\/v2\/users\/14497"}],"replies":[{"embeddable":true,"href":"https:\/\/www.nbamaniacs.com\/de\/wp-json\/wp\/v2\/comments?post=2450"}],"version-history":[{"count":0,"href":"https:\/\/www.nbamaniacs.com\/de\/wp-json\/wp\/v2\/pages\/2450\/revisions"}],"wp:attachment":[{"href":"https:\/\/www.nbamaniacs.com\/de\/wp-json\/wp\/v2\/media?parent=2450"}],"wp:term":[{"taxonomy":"wf_page_folders","embeddable":true,"href":"https:\/\/www.nbamaniacs.com\/de\/wp-json\/wp\/v2\/wf_page_folders?post=2450"}],"curies":[{"name":"wp","href":"https:\/\/api.w.org\/{rel}","templated":true}]}}