{"id":388876,"date":"2025-04-04T23:21:05","date_gmt":"2025-04-04T21:21:05","guid":{"rendered":"https:\/\/www.nbamaniacs.com\/de\/?page_id=388876"},"modified":"2025-07-11T11:57:11","modified_gmt":"2025-07-11T09:57:11","slug":"redaktionelle-richtlinien","status":"publish","type":"page","link":"https:\/\/www.nbamaniacs.com\/de\/redaktionelle-richtlinien\/","title":{"rendered":"Redaktionelle Leitlinien"},"content":{"rendered":"\n<p>Bei nbamaniacs verfolgen wir ein klares Ziel: <strong>NBA-Nachrichten auf Spanisch mit Genauigkeit, Tiefgang und ohne Sensationslust zu liefern<\/strong>. Seit 2008 ist es unsere Mission, den amerikanischen Basketball spanischsprachigen Leser:innen n\u00e4herzubringen \u2013 mit einem rigorosen, unabh\u00e4ngigen und ehrlichen Ansatz.<\/p>\n\n\n\n<h2 class=\"wp-block-heading\">Unabh\u00e4ngigkeit und Sorgfalt<\/h2>\n\n\n\n<p>Unser Engagement gilt der Berichterstattung \u00fcber das NBA-Geschehen mit redaktioneller Unabh\u00e4ngigkeit und gepr\u00fcften Quellen. Wir ver\u00f6ffentlichen keine haltlosen Ger\u00fcchte und rei\u00dfen keine Zitate aus dem Zusammenhang. Wahrhaftigkeit und Respekt gegen\u00fcber den Leser:innen stehen \u00fcber schnellen Klicks.<\/p>\n\n\n\n<h2 class=\"wp-block-heading\">Kontext und Qualit\u00e4t<\/h2>\n\n\n\n<p>Jede Story muss \u00fcber die \u00dcberschrift hinaus einen Mehrwert bieten: Kontext, Analyse und Fachwissen. Wir sind kein Content-Aggregator und jagen nicht blo\u00df der Geschwindigkeit hinterher. Wir kommen lieber eine Minute sp\u00e4ter \u2013 wenn es dadurch besser wird.<\/p>\n\n\n\n<h2 class=\"wp-block-heading\">Redaktionelle Auswahl<\/h2>\n\n\n\n<p>In der NBA werden \u00fcber 1.200 Spiele pro Saison ausgetragen. Deshalb w\u00e4hlen wir genau aus, welche Spiele wir abdecken und welche Geschichten wir hervorheben. Es geht nicht um Vorlieben, sondern um redaktionelle Haltung: Tiefe statt Masse.<\/p>\n\n\n\n<h2 class=\"wp-block-heading\">Quellen-Transparenz<\/h2>\n\n\n\n<p>Wir verbergen unsere Informationsquellen nicht. Wir nennen sie, \u00fcberpr\u00fcfen Fakten und ordnen Ger\u00fcchte ein. Vielleicht sind wir nicht die Ersten mit einer Meldung, aber wir liefern fundierte Analyse und verantwortungsvolle Berichterstattung.<\/p>\n\n\n\n<h2 class=\"wp-block-heading\">Gemeinschaft und Respekt<\/h2>\n\n\n\n<p>Wir f\u00f6rdern eine aktive und leidenschaftliche Community in unseren Kommentarbereichen. Meinungen sind willkommen \u2013 immer im Rahmen von Respekt und H\u00f6flichkeit. Klare Regeln sorgen f\u00fcr ein gesundes Umfeld und werden durchgesetzt.<\/p>\n\n\n\n<h2 class=\"wp-block-heading\">Kein \u201eClickbait\u201c<\/h2>\n\n\n\n<p>Wir m\u00f6chten, dass du uns liest \u2013 aber nicht durch Irref\u00fchrung. Wir setzen auf ein klares, direktes Format in sozialen Netzwerken. Wir unterst\u00fctzen die Bewegung <strong>#savedyouaclick<\/strong> und glauben an Leser:innen, die wegen Qualit\u00e4t zur\u00fcckkehren \u2013 nicht wegen billiger Tricks.<\/p>\n\n\n\n<h2 class=\"wp-block-heading\">Sprache und Stil<\/h2>\n\n\n\n<p>Wir schreiben auf Deutsch nach den Regeln der GfdS. Wir pflegen die Sprache, vermeiden \u00fcberm\u00e4\u00dfige Anglizismen und behandeln jeden Text mit der gleichen Sorgfalt wie eine gut geschriebene Kolumne oder fundierte Analyse.<\/p>\n\n\n\n<h2 class=\"wp-block-heading\">Verantwortungsvolle Korrekturen<\/h2>\n\n\n\n<p>Wir korrigieren Tippfehler schnell und transparent. Wenn uns Fehler unterlaufen, geben wir sie zu und beheben sie \u00f6ffentlich. Diese Politik ist keine Ausnahme \u2013 sie ist Teil unseres Engagements f\u00fcr das Vertrauen unserer Leser:innen.<\/p>\n","protected":false},"excerpt":{"rendered":"<p>Bei nbamaniacs verfolgen wir ein klares Ziel: NBA-Nachrichten auf Spanisch mit Genauigkeit, Tiefgang und ohne Sensationslust zu liefern. Seit 2008 ist es unsere Mission, den &#8230; <a title=\"Redaktionelle Leitlinien\" class=\"read-more\" href=\"https:\/\/www.nbamaniacs.com\/de\/redaktionelle-richtlinien\/\" aria-label=\"Mehr Informationen \u00fcber Redaktionelle Leitlinien\">Mehr lesen<\/a><\/p>\n","protected":false},"author":14497,"featured_media":0,"parent":0,"menu_order":0,"comment_status":"closed","ping_status":"closed","template":"","meta":{"footnotes":""},"wf_page_folders":[],"class_list":{"0":"post-388876","1":"page","2":"type-page","3":"status-publish","5":"no-featured-image-padding"},"featured_image_src":null,"_links":{"self":[{"href":"https:\/\/www.nbamaniacs.com\/de\/wp-json\/wp\/v2\/pages\/388876","targetHints":{"allow":["GET"]}}],"collection":[{"href":"https:\/\/www.nbamaniacs.com\/de\/wp-json\/wp\/v2\/pages"}],"about":[{"href":"https:\/\/www.nbamaniacs.com\/de\/wp-json\/wp\/v2\/types\/page"}],"author":[{"embeddable":true,"href":"https:\/\/www.nbamaniacs.com\/de\/wp-json\/wp\/v2\/users\/14497"}],"replies":[{"embeddable":true,"href":"https:\/\/www.nbamaniacs.com\/de\/wp-json\/wp\/v2\/comments?post=388876"}],"version-history":[{"count":2,"href":"https:\/\/www.nbamaniacs.com\/de\/wp-json\/wp\/v2\/pages\/388876\/revisions"}],"predecessor-version":[{"id":412509,"href":"https:\/\/www.nbamaniacs.com\/de\/wp-json\/wp\/v2\/pages\/388876\/revisions\/412509"}],"wp:attachment":[{"href":"https:\/\/www.nbamaniacs.com\/de\/wp-json\/wp\/v2\/media?parent=388876"}],"wp:term":[{"taxonomy":"wf_page_folders","embeddable":true,"href":"https:\/\/www.nbamaniacs.com\/de\/wp-json\/wp\/v2\/wf_page_folders?post=388876"}],"curies":[{"name":"wp","href":"https:\/\/api.w.org\/{rel}","templated":true}]}}