{"id":388878,"date":"2025-04-04T23:21:55","date_gmt":"2025-04-04T21:21:55","guid":{"rendered":"https:\/\/www.nbamaniacs.com\/de\/?page_id=388878"},"modified":"2025-07-11T12:00:44","modified_gmt":"2025-07-11T10:00:44","slug":"journalistische-ethik","status":"publish","type":"page","link":"https:\/\/www.nbamaniacs.com\/de\/journalistische-ethik\/","title":{"rendered":"Journalistische Ethik"},"content":{"rendered":"\n<p>Bei nbamaniacs verstehen wir Journalismus als ein Bekenntnis zu <strong>Wahrhaftigkeit, Verantwortung und Respekt gegen\u00fcber unseren Leser:innen und den Personen in unseren Geschichten<\/strong>. Unsere journalistische Ethik sind nicht nur Worte \u2013 sie ist eine t\u00e4gliche Praxis, die alles leitet, was wir ver\u00f6ffentlichen.<\/p>\n\n\n\n<h2 class=\"wp-block-heading\">Wahrheit vor allem<\/h2>\n\n\n\n<p>Wir ver\u00f6ffentlichen keine unbest\u00e4tigten Ger\u00fcchte und schenken Informationen ohne verl\u00e4ssliche Quelle kein Vertrauen. Wenn wir \u00fcber Verpflichtungen, Transfers oder Verletzungen berichten, st\u00fctzen wir uns auf renommierte Journalist:innen oder Medien und geben immer den richtigen Kontext an. Wir wissen, dass unvollst\u00e4ndige oder falsch interpretierte Informationen zu Verwirrung f\u00fchren k\u00f6nnen \u2013 deshalb handeln wir mit gr\u00f6\u00dfter Sorgfalt.<\/p>\n\n\n\n<h2 class=\"wp-block-heading\">Transparenz bei Fehlern<\/h2>\n\n\n\n<p>Irren ist menschlich. Deshalb unterscheiden wir klar zwischen Tippfehlern und inhaltlichen Fehlern. Tippfehler werden sofort korrigiert. Bei inhaltlichen Fehlern ver\u00f6ffentlichen wir eine gut sichtbare Korrekturmeldung, in der wir erkl\u00e4ren, was falsch war und welche Information korrekt ist. Diese Richtlinie ist entscheidend f\u00fcr den Aufbau einer <strong>vertrauensvollen Beziehung zu unseren Leser:innen<\/strong>.<\/p>\n\n\n\n<h2 class=\"wp-block-heading\">Kein Sensationalismus<\/h2>\n\n\n\n<p>Wir vermeiden billigen Content, irref\u00fchrende \u00dcberschriften und klickgetriebene Taktiken. Wir glauben an einen Journalismus, der den Verstand der Leser:innen respektiert, mit Genauigkeit informiert und nicht manipuliert. Unser Bekenntnis ist klar: <strong>Wir machen kein Clickbait<\/strong>.<\/p>\n\n\n\n<h2 class=\"wp-block-heading\">Urteilsverm\u00f6gen und Verantwortung<\/h2>\n\n\n\n<p>Unsere redaktionellen Entscheidungen folgen nicht viralen Trends oder kurzfristiger Beliebtheit. Wir berichten nicht \u00fcber alles \u2013 sondern nur \u00fcber das, was einen Mehrwert bietet und verantwortungsvoll erz\u00e4hlt werden kann. Wir lehnen einseitige Narrative, k\u00fcnstliche Kontroversen und aus dem Zusammenhang gerissene Zitate zur Stimmungsmache ab.<\/p>\n\n\n\n<h2 class=\"wp-block-heading\">Respekt f\u00fcr Sprache und Publikum<\/h2>\n\n\n\n<p>Wir verwenden korrektes Spanisch, vermeiden \u00fcberm\u00e4\u00dfige Anglizismen und folgen den Regeln der GfdS. Auch beim Tonfall achten wir auf Ausgewogenheit zwischen N\u00e4he und Professionalit\u00e4t. Und nat\u00fcrlich respektieren wir alle Zielgruppen \u2013 fernab von Stereotypen und verletzender Sprache.<\/p>\n\n\n\n<h2 class=\"wp-block-heading\">Community mit Regeln<\/h2>\n\n\n\n<p>Bei nbamaniacs sch\u00e4tzen wir die Debatte \u2013 aber nicht um jeden Preis. Beleidigende Kommentare, Hassrede oder Spam haben in unserer Community keinen Platz. Wir sind \u00fcberzeugt, dass digitales Miteinander Teil der journalistischen Ethik ist \u2013 und wir sch\u00fctzen es konsequent.<\/p>\n","protected":false},"excerpt":{"rendered":"<p>Bei nbamaniacs verstehen wir Journalismus als ein Bekenntnis zu Wahrhaftigkeit, Verantwortung und Respekt gegen\u00fcber unseren Leser:innen und den Personen in unseren Geschichten. Unsere journalistische Ethik &#8230; <a title=\"Journalistische Ethik\" class=\"read-more\" href=\"https:\/\/www.nbamaniacs.com\/de\/journalistische-ethik\/\" aria-label=\"Mehr Informationen \u00fcber Journalistische Ethik\">Mehr lesen<\/a><\/p>\n","protected":false},"author":14497,"featured_media":0,"parent":0,"menu_order":0,"comment_status":"closed","ping_status":"closed","template":"","meta":{"footnotes":""},"wf_page_folders":[],"class_list":{"0":"post-388878","1":"page","2":"type-page","3":"status-publish","5":"no-featured-image-padding"},"featured_image_src":null,"_links":{"self":[{"href":"https:\/\/www.nbamaniacs.com\/de\/wp-json\/wp\/v2\/pages\/388878","targetHints":{"allow":["GET"]}}],"collection":[{"href":"https:\/\/www.nbamaniacs.com\/de\/wp-json\/wp\/v2\/pages"}],"about":[{"href":"https:\/\/www.nbamaniacs.com\/de\/wp-json\/wp\/v2\/types\/page"}],"author":[{"embeddable":true,"href":"https:\/\/www.nbamaniacs.com\/de\/wp-json\/wp\/v2\/users\/14497"}],"replies":[{"embeddable":true,"href":"https:\/\/www.nbamaniacs.com\/de\/wp-json\/wp\/v2\/comments?post=388878"}],"version-history":[{"count":1,"href":"https:\/\/www.nbamaniacs.com\/de\/wp-json\/wp\/v2\/pages\/388878\/revisions"}],"predecessor-version":[{"id":412508,"href":"https:\/\/www.nbamaniacs.com\/de\/wp-json\/wp\/v2\/pages\/388878\/revisions\/412508"}],"wp:attachment":[{"href":"https:\/\/www.nbamaniacs.com\/de\/wp-json\/wp\/v2\/media?parent=388878"}],"wp:term":[{"taxonomy":"wf_page_folders","embeddable":true,"href":"https:\/\/www.nbamaniacs.com\/de\/wp-json\/wp\/v2\/wf_page_folders?post=388878"}],"curies":[{"name":"wp","href":"https:\/\/api.w.org\/{rel}","templated":true}]}}