{"id":388881,"date":"2025-04-04T23:22:46","date_gmt":"2025-04-04T21:22:46","guid":{"rendered":"https:\/\/www.nbamaniacs.com\/de\/?page_id=388881"},"modified":"2025-05-28T14:24:12","modified_gmt":"2025-05-28T12:24:12","slug":"korrekturen","status":"publish","type":"page","link":"https:\/\/www.nbamaniacs.com\/de\/korrekturen\/","title":{"rendered":"Korrekturen"},"content":{"rendered":"\n<p>Bei nbamaniacs sind wir \u00fcberzeugt, dass <strong>das Vertrauen der Leser:innen durch Transparenz entsteht<\/strong> \u2013 auch wenn wir Fehler machen. Deshalb folgen wir einer klaren Korrekturrichtlinie, die der Informationsqualit\u00e4t verpflichtet ist.<\/p>\n\n\n\n<h2 class=\"wp-block-heading\">Tippfehler<\/h2>\n\n\n\n<p>Tippfehler sind kleinere Fehler: ein falsch geschriebenes Wort, ein fehlendes Komma oder eine ungeschickte \u00dcbersetzung. Auch wenn sie den Inhalt nicht wesentlich beeintr\u00e4chtigen, korrigieren wir sie, sobald wir sie bemerken \u2013 sei es durch interne \u00dcberpr\u00fcfung oder durch den Hinweis eines Lesers oder einer Leserin. Diese Korrekturen werden direkt im Text vorgenommen, ohne zus\u00e4tzliche Anmerkungen.<\/p>\n\n\n\n<h2 class=\"wp-block-heading\">Fehler<\/h2>\n\n\n\n<p>Wenn ein Fehler das Verst\u00e4ndnis oder die Richtigkeit der Information beeintr\u00e4chtigt \u2013 etwa falsche Daten, ungenaue Angaben oder sachlich falsche Aussagen \u2013, <strong>verpflichten wir uns, diesen sichtbar und verantwortungsvoll zu korrigieren<\/strong>. Am Ende des Artikels f\u00fcgen wir eine Anmerkung hinzu, in der Folgendes erkl\u00e4rt wird:<\/p>\n\n\n\n<ul class=\"wp-block-list\">\n<li>Was der urspr\u00fcngliche Fehler war.<\/li>\n\n\n\n<li>Was die korrekte Information ist.<\/li>\n\n\n\n<li>Wann die Korrektur vorgenommen wurde.<\/li>\n<\/ul>\n\n\n\n<p>Wir befolgen dieses Verfahren seit 2017 \u2013 als Teil unseres Engagements f\u00fcr eine ehrliche Beziehung zu unseren Leser:innen.<\/p>\n\n\n\n<h2 class=\"wp-block-heading\">Unsere Verantwortung<\/h2>\n\n\n\n<p>Wir wissen, dass jeder ver\u00f6ffentlichte Artikel sowohl f\u00fcr unser Team als auch f\u00fcr unser Medium steht. Deshalb ver\u00f6ffentlichen wir unter echten Namen und \u00fcbernehmen Verantwortung f\u00fcr jedes einzelne Wort. Fehler zu machen geh\u00f6rt zum Beruf \u2013 sie zu korrigieren geh\u00f6rt zu unserer Ethik.<\/p>\n\n\n\n<p>Wenn Sie in einem unserer Inhalte einen Tippfehler oder sachlichen Fehler entdecken, laden wir Sie ein, uns \u00fcber den vorgesehenen Bereich zu kontaktieren. Ihr Hinweis hilft uns dabei, besseren Journalismus zu machen.<\/p>\n","protected":false},"excerpt":{"rendered":"<p>Bei nbamaniacs sind wir \u00fcberzeugt, dass das Vertrauen der Leser:innen durch Transparenz entsteht \u2013 auch wenn wir Fehler machen. Deshalb folgen wir einer klaren Korrekturrichtlinie, &#8230; <a title=\"Korrekturen\" class=\"read-more\" href=\"https:\/\/www.nbamaniacs.com\/de\/korrekturen\/\" aria-label=\"Mehr Informationen \u00fcber Korrekturen\">Mehr lesen<\/a><\/p>\n","protected":false},"author":14497,"featured_media":0,"parent":0,"menu_order":0,"comment_status":"closed","ping_status":"closed","template":"","meta":{"ub_ctt_via":"","footnotes":""},"wf_page_folders":[],"class_list":{"0":"post-388881","1":"page","2":"type-page","3":"status-publish","5":"no-featured-image-padding"},"featured_image_src":null,"_links":{"self":[{"href":"https:\/\/www.nbamaniacs.com\/de\/wp-json\/wp\/v2\/pages\/388881","targetHints":{"allow":["GET"]}}],"collection":[{"href":"https:\/\/www.nbamaniacs.com\/de\/wp-json\/wp\/v2\/pages"}],"about":[{"href":"https:\/\/www.nbamaniacs.com\/de\/wp-json\/wp\/v2\/types\/page"}],"author":[{"embeddable":true,"href":"https:\/\/www.nbamaniacs.com\/de\/wp-json\/wp\/v2\/users\/14497"}],"replies":[{"embeddable":true,"href":"https:\/\/www.nbamaniacs.com\/de\/wp-json\/wp\/v2\/comments?post=388881"}],"version-history":[{"count":0,"href":"https:\/\/www.nbamaniacs.com\/de\/wp-json\/wp\/v2\/pages\/388881\/revisions"}],"wp:attachment":[{"href":"https:\/\/www.nbamaniacs.com\/de\/wp-json\/wp\/v2\/media?parent=388881"}],"wp:term":[{"taxonomy":"wf_page_folders","embeddable":true,"href":"https:\/\/www.nbamaniacs.com\/de\/wp-json\/wp\/v2\/wf_page_folders?post=388881"}],"curies":[{"name":"wp","href":"https:\/\/api.w.org\/{rel}","templated":true}]}}