{"id":388883,"date":"2025-04-04T23:23:29","date_gmt":"2025-04-04T21:23:29","guid":{"rendered":"https:\/\/www.nbamaniacs.com\/de\/?page_id=388883"},"modified":"2025-05-28T14:24:05","modified_gmt":"2025-05-28T12:24:05","slug":"vielfalt-und-inklusion","status":"publish","type":"page","link":"https:\/\/www.nbamaniacs.com\/de\/vielfalt-und-inklusion\/","title":{"rendered":"Vielfalt und Inklusion"},"content":{"rendered":"\n<p>Bei nbamaniacs sind wir \u00fcberzeugt, dass die NBA viel mehr ist als nur Basketball. Sie spiegelt Kulturen, pers\u00f6nliche Lebenswege und vielf\u00e4ltige Realit\u00e4ten wider, die mit <strong>Respekt, Offenheit und Verantwortung<\/strong> erz\u00e4hlt werden m\u00fcssen.<\/p>\n\n\n\n<h2 class=\"wp-block-heading\">Eine vielf\u00e4ltige Liga, ein pluraler Ansatz<\/h2>\n\n\n\n<p>Die NBA ist eine globale Liga, die von Millionen Menschen weltweit verfolgt wird. In ihr spielen Athleten mit unterschiedlichen Nationalit\u00e4ten, kulturellen Hintergr\u00fcnden und Lebensgeschichten. Unsere Aufgabe ist es, \u00fcber die NBA zu berichten und dabei diese Vielfalt widerzuspiegeln \u2013 ohne Klischees und fernab von vereinfachenden oder reduktiven Erz\u00e4hlungen.<\/p>\n\n\n\n<h2 class=\"wp-block-heading\">Inklusive Erz\u00e4hlweise<\/h2>\n\n\n\n<p>Wir bem\u00fchen uns um eine Berichterstattung, die alle Menschen einschlie\u00dft, die diesen Sport ausmachen: Spieler, Trainer, Betreuer, Schiedsrichter, Verantwortliche, Journalist:innen und Fans \u2013 unabh\u00e4ngig von Nationalit\u00e4t, Geschlecht, Herkunft, Religion oder Identit\u00e4t. Die Vielfalt der NBA zeigt sich auch in der Vielzahl an Geschichten, die es wert sind, erz\u00e4hlt zu werden.<\/p>\n\n\n\n<h2 class=\"wp-block-heading\">Respektvolle Community<\/h2>\n\n\n\n<p>Der Kommentarbereich von nbamaniacs ist ein Raum f\u00fcr offene Diskussion \u2013 jedoch nicht f\u00fcr Diskriminierung. Beleidigende, sexistische, rassistische oder ausgrenzende Beitr\u00e4ge werden nicht toleriert. Unser Moderationssystem sorgt daf\u00fcr, dass dieser Raum f\u00fcr alle sicher bleibt.<\/p>\n\n\n\n<h2 class=\"wp-block-heading\">Journalismus mit Perspektive<\/h2>\n\n\n\n<p>Unser redaktioneller Ansatz unterst\u00fctzt einen Sportjournalismus, der den Kontext versteht, Ungleichheiten erkennt und wichtigen Themen Sichtbarkeit verleiht \u2013 auch wenn sie nicht viral gehen. Inklusion bedeutet auch, zu entscheiden, was erz\u00e4hlt wird und wie es erz\u00e4hlt wird.<\/p>\n\n\n\n<h2 class=\"wp-block-heading\">Interne Verpflichtung<\/h2>\n\n\n\n<p>Wir wissen, dass sich Vielfalt nicht nur im Inhalt zeigt, sondern auch im Team dahinter. Deshalb sch\u00e4tzen wir unterschiedliche Stimmen, Perspektiven und Hintergr\u00fcnde in unserer Redaktion und unter unseren Mitwirkenden. <strong>Ein diverses Medium ist ein gerechteres und reichhaltigeres Medium<\/strong>.<\/p>\n","protected":false},"excerpt":{"rendered":"<p>Bei nbamaniacs sind wir \u00fcberzeugt, dass die NBA viel mehr ist als nur Basketball. Sie spiegelt Kulturen, pers\u00f6nliche Lebenswege und vielf\u00e4ltige Realit\u00e4ten wider, die mit &#8230; <a title=\"Vielfalt und Inklusion\" class=\"read-more\" href=\"https:\/\/www.nbamaniacs.com\/de\/vielfalt-und-inklusion\/\" aria-label=\"Mehr Informationen \u00fcber Vielfalt und Inklusion\">Mehr lesen<\/a><\/p>\n","protected":false},"author":14497,"featured_media":0,"parent":0,"menu_order":0,"comment_status":"closed","ping_status":"closed","template":"","meta":{"footnotes":""},"wf_page_folders":[],"class_list":{"0":"post-388883","1":"page","2":"type-page","3":"status-publish","5":"no-featured-image-padding"},"featured_image_src":null,"_links":{"self":[{"href":"https:\/\/www.nbamaniacs.com\/de\/wp-json\/wp\/v2\/pages\/388883","targetHints":{"allow":["GET"]}}],"collection":[{"href":"https:\/\/www.nbamaniacs.com\/de\/wp-json\/wp\/v2\/pages"}],"about":[{"href":"https:\/\/www.nbamaniacs.com\/de\/wp-json\/wp\/v2\/types\/page"}],"author":[{"embeddable":true,"href":"https:\/\/www.nbamaniacs.com\/de\/wp-json\/wp\/v2\/users\/14497"}],"replies":[{"embeddable":true,"href":"https:\/\/www.nbamaniacs.com\/de\/wp-json\/wp\/v2\/comments?post=388883"}],"version-history":[{"count":0,"href":"https:\/\/www.nbamaniacs.com\/de\/wp-json\/wp\/v2\/pages\/388883\/revisions"}],"wp:attachment":[{"href":"https:\/\/www.nbamaniacs.com\/de\/wp-json\/wp\/v2\/media?parent=388883"}],"wp:term":[{"taxonomy":"wf_page_folders","embeddable":true,"href":"https:\/\/www.nbamaniacs.com\/de\/wp-json\/wp\/v2\/wf_page_folders?post=388883"}],"curies":[{"name":"wp","href":"https:\/\/api.w.org\/{rel}","templated":true}]}}