{"id":388885,"date":"2025-04-04T23:25:06","date_gmt":"2025-04-04T21:25:06","guid":{"rendered":"https:\/\/www.nbamaniacs.com\/de\/?page_id=388885"},"modified":"2025-05-28T14:23:58","modified_gmt":"2025-05-28T12:23:58","slug":"redaktionelle-ziele-und-berichterstattungsfokus","status":"publish","type":"page","link":"https:\/\/www.nbamaniacs.com\/de\/redaktionelle-ziele-und-berichterstattungsfokus\/","title":{"rendered":"Redaktionelle Ziele oder Berichterstattungsansatz"},"content":{"rendered":"\n<p>Seit seiner Gr\u00fcndung im Jahr 2008 verfolgt <strong>nbamaniacs<\/strong> ein klares redaktionelles Ziel: <strong>\u00fcber die NBA auf Spanisch fundiert, ohne Sensationsgier und mit einer eigenen Stimme zu berichten<\/strong>. Wir wollen nicht die Ersten sein, die alles melden \u2014 aber wir streben stets danach, eine rigorose, unabh\u00e4ngige und gut kontextualisierte Perspektive zu bieten.<\/p>\n\n\n\n<h2 class=\"wp-block-heading\">Was wir berichten \u2013 und wie<\/h2>\n\n\n\n<p>Unser redaktioneller Ansatz basiert auf <strong>Auswahl, Tiefe und Verantwortung<\/strong>. In einer Liga mit \u00fcber 1.200 Spielen pro Saison und einer st\u00e4ndigen Flut an Inhalten w\u00e4hlen wir sorgf\u00e4ltig aus, welche Geschichten wir erz\u00e4hlen \u2013 und wie wir sie erz\u00e4hlen.<\/p>\n\n\n\n<ul class=\"wp-block-list\">\n<li><strong>Wir sind kein volumengetriebenes Medium<\/strong>, sondern eines mit Fokus auf Qualit\u00e4t. Wir berichten t\u00e4glich \u00fcber zwei bis f\u00fcnf Spiele und setzen sportlichen oder redaktionellen Wert \u00fcber medialen Hype.<\/li>\n\n\n\n<li>Es gibt keine Favoriten. Wenn ein Team an einem Tag oder \u00fcber mehrere Spiele hinweg nicht vorkommt, liegt das nicht an Vorlieben \u2014 wir wenden objektive redaktionelle Kriterien an.<\/li>\n\n\n\n<li>Unsere Themen reichen von reinem Basketball bis hin zu Transferger\u00fcchten, historischen Analysen, dem kulturellen Einfluss der Liga sowie wirtschaftlichen und vertraglichen Aspekten des Spiels.<\/li>\n<\/ul>\n\n\n\n<h2 class=\"wp-block-heading\">Was wir nicht machen<\/h2>\n\n\n\n<ul class=\"wp-block-list\">\n<li>Wir verbreiten keine haltlosen Ger\u00fcchte oder beteiligen uns an leerer Spekulation.<\/li>\n\n\n\n<li>Wir rei\u00dfen keine Zitate aus dem Zusammenhang und erstellen keine Clickbait-\u00dcberschriften.<\/li>\n\n\n\n<li>Wir ver\u00f6ffentlichen keine automatisierten Zusammenfassungen oder F\u00fcllinhalte: Jeder Beitrag hat eine klare Absicht, eine eigene Stimme und einen Mehrwert.<\/li>\n<\/ul>\n\n\n\n<h2 class=\"wp-block-heading\">Kurz- und langfristige Ziele<\/h2>\n\n\n\n<ul class=\"wp-block-list\">\n<li><strong>Kurzfristig<\/strong> wollen wir die Qualit\u00e4t und Konsistenz unserer t\u00e4glichen Berichterstattung aufrechterhalten und auf aktuelle Ereignisse reagieren, ohne unseren Stil oder unsere Prinzipien zu verlieren.<\/li>\n\n\n\n<li><strong>Langfristig<\/strong> m\u00f6chten wir ein solides und wertvolles Archiv \u00fcber die NBA auf Spanisch aufbauen: Statistiken, Kontext, Geschichte und n\u00fctzliche Ressourcen f\u00fcr Fans und Fachleute. Projekte wie unser Glossar, unsere Gehaltsdatenbank und historische \u00dcbersichten sind Teil dieses Engagements.<\/li>\n<\/ul>\n\n\n\n<h2 class=\"wp-block-heading\">Unser Alleinstellungsmerkmal<\/h2>\n\n\n\n<p>Unsere Berichterstattung richtet sich an anspruchsvolle Leser:innen. An Menschen, die nicht nur wissen wollen, was passiert ist, sondern auch warum, wie es in den gr\u00f6\u00dferen Kontext der Liga passt und was als N\u00e4chstes passieren k\u00f6nnte. Das ist unser Revier.<\/p>\n","protected":false},"excerpt":{"rendered":"<p>Seit seiner Gr\u00fcndung im Jahr 2008 verfolgt nbamaniacs ein klares redaktionelles Ziel: \u00fcber die NBA auf Spanisch fundiert, ohne Sensationsgier und mit einer eigenen Stimme &#8230; <a title=\"Redaktionelle Ziele oder Berichterstattungsansatz\" class=\"read-more\" href=\"https:\/\/www.nbamaniacs.com\/de\/redaktionelle-ziele-und-berichterstattungsfokus\/\" aria-label=\"Mehr Informationen \u00fcber Redaktionelle Ziele oder Berichterstattungsansatz\">Mehr lesen<\/a><\/p>\n","protected":false},"author":14497,"featured_media":0,"parent":0,"menu_order":0,"comment_status":"closed","ping_status":"closed","template":"","meta":{"ub_ctt_via":"","footnotes":""},"wf_page_folders":[],"class_list":{"0":"post-388885","1":"page","2":"type-page","3":"status-publish","5":"no-featured-image-padding"},"featured_image_src":null,"_links":{"self":[{"href":"https:\/\/www.nbamaniacs.com\/de\/wp-json\/wp\/v2\/pages\/388885","targetHints":{"allow":["GET"]}}],"collection":[{"href":"https:\/\/www.nbamaniacs.com\/de\/wp-json\/wp\/v2\/pages"}],"about":[{"href":"https:\/\/www.nbamaniacs.com\/de\/wp-json\/wp\/v2\/types\/page"}],"author":[{"embeddable":true,"href":"https:\/\/www.nbamaniacs.com\/de\/wp-json\/wp\/v2\/users\/14497"}],"replies":[{"embeddable":true,"href":"https:\/\/www.nbamaniacs.com\/de\/wp-json\/wp\/v2\/comments?post=388885"}],"version-history":[{"count":0,"href":"https:\/\/www.nbamaniacs.com\/de\/wp-json\/wp\/v2\/pages\/388885\/revisions"}],"wp:attachment":[{"href":"https:\/\/www.nbamaniacs.com\/de\/wp-json\/wp\/v2\/media?parent=388885"}],"wp:term":[{"taxonomy":"wf_page_folders","embeddable":true,"href":"https:\/\/www.nbamaniacs.com\/de\/wp-json\/wp\/v2\/wf_page_folders?post=388885"}],"curies":[{"name":"wp","href":"https:\/\/api.w.org\/{rel}","templated":true}]}}