{"id":388887,"date":"2025-04-04T23:25:33","date_gmt":"2025-04-04T21:25:33","guid":{"rendered":"https:\/\/www.nbamaniacs.com\/de\/?page_id=388887"},"modified":"2025-05-28T14:23:55","modified_gmt":"2025-05-28T12:23:55","slug":"richtlinie-zur-faktenpruefung","status":"publish","type":"page","link":"https:\/\/www.nbamaniacs.com\/de\/richtlinie-zur-faktenpruefung\/","title":{"rendered":"Richtlinie zur Faktenpr\u00fcfung"},"content":{"rendered":"\n<p>Bei nbamaniacs glauben wir, dass Berichterstattung nicht nur bedeutet, Fakten zu \u00fcbermitteln, sondern dies mit Genauigkeit, Verantwortung und Respekt gegen\u00fcber den Leser:innen zu tun. Deshalb ist unsere Faktenpr\u00fcfungsrichtlinie ein zentraler Bestandteil unserer redaktionellen Identit\u00e4t. Bevor wir etwas ver\u00f6ffentlichen, \u00fcberpr\u00fcfen wir es. Bevor wir eine Meinung \u00e4u\u00dfern, liefern wir Kontext. Bevor wir berichten, verifizieren wir.<\/p>\n\n\n\n<h2 class=\"wp-block-heading\">Genauigkeit vor Eile<\/h2>\n\n\n\n<p>Wir sind kein Medium, das seinen Erfolg an Geschwindigkeit misst, sondern an Verl\u00e4sslichkeit. Wir sind lieber sp\u00e4t dran, als falsche Informationen zu ver\u00f6ffentlichen. Tempo z\u00e4hlt nur, wenn es nicht die Qualit\u00e4t oder die Korrektheit des Inhalts gef\u00e4hrdet.<\/p>\n\n\n\n<h2 class=\"wp-block-heading\">Mindestregel: doppelte Verifizierung<\/h2>\n\n\n\n<p>Bevor wir eine Nachricht ver\u00f6ffentlichen, verlangen wir mindestens eine zus\u00e4tzliche Quelle zur Best\u00e4tigung der Information. Ob \u00fcber seri\u00f6se Medien, offizielle Dokumente oder \u00fcberpr\u00fcfbare \u00f6ffentliche Aussagen \u2014 keine Information wird ohne Gegenpr\u00fcfung ver\u00f6ffentlicht.<\/p>\n\n\n\n<h2 class=\"wp-block-heading\">Bewusster Umgang mit Quellen<\/h2>\n\n\n\n<p>Wir benennen unsere Quellen immer, wenn m\u00f6glich. Und wenn wir das nicht k\u00f6nnen \u2014 etwa wegen gerechtfertigter Anonymit\u00e4t oder Vertraulichkeit \u2014, machen wir das deutlich, damit die Leser:innen den Kontext verstehen. Anonyme Quellen sind die Ausnahme, nicht die Regel.<\/p>\n\n\n\n<h2 class=\"wp-block-heading\">Kontext ist wichtiger als Daten allein<\/h2>\n\n\n\n<p>Ein Fakt ohne Kontext kann irref\u00fchrender sein als eine L\u00fcge. Deshalb \u00fcberpr\u00fcfen wir nicht nur die Daten, sondern erkl\u00e4ren, ordnen ein und analysieren, um deren Bedeutung f\u00fcr die Leser:innen verst\u00e4ndlich zu machen.<\/p>\n\n\n\n<h2 class=\"wp-block-heading\">Laufende \u00dcberpr\u00fcfung<\/h2>\n\n\n\n<p>Wir wissen, dass Informationen sich weiterentwickeln. Deshalb unterliegen unsere Ver\u00f6ffentlichungen einer laufenden \u00dcberpr\u00fcfung und Aktualisierung. Wenn sich eine Geschichte entwickelt oder neue Best\u00e4tigungen eintreffen, spiegeln wir diese \u00c4nderungen klar wider, um inhaltliche Konsistenz zu gew\u00e4hrleisten.<\/p>\n\n\n\n<h2 class=\"wp-block-heading\">Keine Abk\u00fcrzungen, keine haltlosen Ger\u00fcchte<\/h2>\n\n\n\n<p>Wir greifen keine unbegr\u00fcndeten Ger\u00fcchte auf und ver\u00f6ffentlichen keine Geschichten, die nur auf Spekulation beruhen. L\u00e4rm ist nicht Teil unserer Arbeit. Mit Integrit\u00e4t zu ver\u00f6ffentlichen bedeutet, Spekulationen ohne fundierte Grundlage abzulehnen \u2014 selbst wenn das kurzfristig weniger Klicks bedeutet.<\/p>\n\n\n\n<h2 class=\"wp-block-heading\">Verantwortung gegen\u00fcber den Leser:innen<\/h2>\n\n\n\n<p>Unser Ziel ist nicht, Klicks zu jagen, sondern das Vertrauen der Leser:innen zu gewinnen. Deshalb tr\u00e4gt jede Information, die bei nbamaniacs ver\u00f6ffentlicht wird, eine Verantwortung: diejenigen nicht zu entt\u00e4uschen, die uns lesen, weil sie mehr als nur Schlagzeilen erwarten.<\/p>\n","protected":false},"excerpt":{"rendered":"<p>Bei nbamaniacs glauben wir, dass Berichterstattung nicht nur bedeutet, Fakten zu \u00fcbermitteln, sondern dies mit Genauigkeit, Verantwortung und Respekt gegen\u00fcber den Leser:innen zu tun. Deshalb &#8230; <a title=\"Richtlinie zur Faktenpr\u00fcfung\" class=\"read-more\" href=\"https:\/\/www.nbamaniacs.com\/de\/richtlinie-zur-faktenpruefung\/\" aria-label=\"Mehr Informationen \u00fcber Richtlinie zur Faktenpr\u00fcfung\">Mehr lesen<\/a><\/p>\n","protected":false},"author":14497,"featured_media":0,"parent":0,"menu_order":0,"comment_status":"closed","ping_status":"closed","template":"","meta":{"ub_ctt_via":"","footnotes":""},"wf_page_folders":[],"class_list":{"0":"post-388887","1":"page","2":"type-page","3":"status-publish","5":"no-featured-image-padding"},"featured_image_src":null,"_links":{"self":[{"href":"https:\/\/www.nbamaniacs.com\/de\/wp-json\/wp\/v2\/pages\/388887","targetHints":{"allow":["GET"]}}],"collection":[{"href":"https:\/\/www.nbamaniacs.com\/de\/wp-json\/wp\/v2\/pages"}],"about":[{"href":"https:\/\/www.nbamaniacs.com\/de\/wp-json\/wp\/v2\/types\/page"}],"author":[{"embeddable":true,"href":"https:\/\/www.nbamaniacs.com\/de\/wp-json\/wp\/v2\/users\/14497"}],"replies":[{"embeddable":true,"href":"https:\/\/www.nbamaniacs.com\/de\/wp-json\/wp\/v2\/comments?post=388887"}],"version-history":[{"count":0,"href":"https:\/\/www.nbamaniacs.com\/de\/wp-json\/wp\/v2\/pages\/388887\/revisions"}],"wp:attachment":[{"href":"https:\/\/www.nbamaniacs.com\/de\/wp-json\/wp\/v2\/media?parent=388887"}],"wp:term":[{"taxonomy":"wf_page_folders","embeddable":true,"href":"https:\/\/www.nbamaniacs.com\/de\/wp-json\/wp\/v2\/wf_page_folders?post=388887"}],"curies":[{"name":"wp","href":"https:\/\/api.w.org\/{rel}","templated":true}]}}