{"id":388889,"date":"2025-04-04T23:26:15","date_gmt":"2025-04-04T21:26:15","guid":{"rendered":"https:\/\/www.nbamaniacs.com\/de\/?page_id=388889"},"modified":"2025-05-28T14:23:44","modified_gmt":"2025-05-28T12:23:44","slug":"richtlinie-zur-verwendung-anonymer-quellen","status":"publish","type":"page","link":"https:\/\/www.nbamaniacs.com\/de\/richtlinie-zur-verwendung-anonymer-quellen\/","title":{"rendered":"Verwendung anonymer Quellen"},"content":{"rendered":"\n<p>Bei nbamaniacs glauben wir an transparenten und ehrlichen Journalismus. Die Informationen, die wir ver\u00f6ffentlichen, m\u00fcssen auf \u00fcberpr\u00fcften Fakten und verl\u00e4sslichen Quellen basieren. Deshalb setzen wir anonyme Quellen nur in Ausnahmef\u00e4llen ein \u2013 n\u00e4mlich dann, wenn es keinen anderen gangbaren Weg gibt, relevante Informationen f\u00fcr unsere Leser:innen zu erhalten oder zu best\u00e4tigen.<\/p>\n\n\n\n<h2 class=\"wp-block-heading\">Eine Ausnahme, keine Regel<\/h2>\n\n\n\n<p>Wir bauen keine Inhalte auf Geheimniskr\u00e4merei auf. Anonyme Quellen geh\u00f6ren nicht zu unserem redaktionellen Alltag. Wir nutzen sie nur, wenn die Identit\u00e4t der Quelle aus gerechtfertigten Gr\u00fcnden gesch\u00fctzt werden muss \u2013 etwa wegen beruflicher oder vertraglicher Risiken \u2013 und wenn die bereitgestellte Information echten journalistischen Wert hat.<\/p>\n\n\n\n<h2 class=\"wp-block-heading\">Verifizierung und Kontext<\/h2>\n\n\n\n<p>Nur weil eine Quelle Anonymit\u00e4t verlangt, entbindet das unsere Redaktion nicht von ihrer Verantwortung. Jede Information einer anonymen Quelle wird vor der Ver\u00f6ffentlichung \u00fcber unabh\u00e4ngige Kan\u00e4le gegengepr\u00fcft. Wenn m\u00f6glich, geben wir auch Kontext dar\u00fcber, wer die Quelle ist (zum Beispiel \u201eeine Person aus dem Umfeld des Spielers\u201c oder \u201eein Mitglied des Trainerstabs\u201c), damit die Leser:innen die Glaubw\u00fcrdigkeit einsch\u00e4tzen k\u00f6nnen.<\/p>\n\n\n\n<h2 class=\"wp-block-heading\">Transparenz gegen\u00fcber den Leser:innen<\/h2>\n\n\n\n<p>Wir machen immer deutlich, wenn eine Quelle anonym ist. Wir pr\u00e4sentieren deren Aussagen nie als offizielle Informationen oder verschleiern sie als best\u00e4tigte Fakten ohne Erkl\u00e4rung. Die Leser:innen haben das Recht zu wissen, ob eine Information von einer namentlich genannten Quelle stammt oder nicht.<\/p>\n\n\n\n<h2 class=\"wp-block-heading\">Nie f\u00fcr haltlose Ger\u00fcchte<\/h2>\n\n\n\n<p>Wir verwenden anonyme Quellen nicht, um haltlose Ger\u00fcchte zu verbreiten, k\u00fcnstliche Erz\u00e4hlungen zu konstruieren oder schnelle Klicks zu generieren. Wenn die einzige Quelle einer Geschichte anonym ist und wir sie weder verifizieren noch ihre Relevanz begr\u00fcnden k\u00f6nnen, ver\u00f6ffentlichen wir sie nicht.<\/p>\n\n\n\n<h2 class=\"wp-block-heading\">Redaktionelle Verantwortung<\/h2>\n\n\n\n<p>Der Einsatz anonymer Quellen wird vom Redaktionsteam von nbamaniacs \u00fcberwacht. Jeder Fall wird intern gepr\u00fcft und nur dann genehmigt, wenn strenge Kriterien in Bezug auf Notwendigkeit, Informationswert und Verifizierbarkeit erf\u00fcllt sind. Das Vertrauen der Leser:innen steht \u00fcber jedem exklusiven Bericht.<\/p>\n","protected":false},"excerpt":{"rendered":"<p>Bei nbamaniacs glauben wir an transparenten und ehrlichen Journalismus. Die Informationen, die wir ver\u00f6ffentlichen, m\u00fcssen auf \u00fcberpr\u00fcften Fakten und verl\u00e4sslichen Quellen basieren. Deshalb setzen wir &#8230; <a title=\"Verwendung anonymer Quellen\" class=\"read-more\" href=\"https:\/\/www.nbamaniacs.com\/de\/richtlinie-zur-verwendung-anonymer-quellen\/\" aria-label=\"Mehr Informationen \u00fcber Verwendung anonymer Quellen\">Mehr lesen<\/a><\/p>\n","protected":false},"author":14497,"featured_media":0,"parent":0,"menu_order":0,"comment_status":"closed","ping_status":"closed","template":"","meta":{"footnotes":""},"wf_page_folders":[],"class_list":{"0":"post-388889","1":"page","2":"type-page","3":"status-publish","5":"no-featured-image-padding"},"featured_image_src":null,"_links":{"self":[{"href":"https:\/\/www.nbamaniacs.com\/de\/wp-json\/wp\/v2\/pages\/388889","targetHints":{"allow":["GET"]}}],"collection":[{"href":"https:\/\/www.nbamaniacs.com\/de\/wp-json\/wp\/v2\/pages"}],"about":[{"href":"https:\/\/www.nbamaniacs.com\/de\/wp-json\/wp\/v2\/types\/page"}],"author":[{"embeddable":true,"href":"https:\/\/www.nbamaniacs.com\/de\/wp-json\/wp\/v2\/users\/14497"}],"replies":[{"embeddable":true,"href":"https:\/\/www.nbamaniacs.com\/de\/wp-json\/wp\/v2\/comments?post=388889"}],"version-history":[{"count":0,"href":"https:\/\/www.nbamaniacs.com\/de\/wp-json\/wp\/v2\/pages\/388889\/revisions"}],"wp:attachment":[{"href":"https:\/\/www.nbamaniacs.com\/de\/wp-json\/wp\/v2\/media?parent=388889"}],"wp:term":[{"taxonomy":"wf_page_folders","embeddable":true,"href":"https:\/\/www.nbamaniacs.com\/de\/wp-json\/wp\/v2\/wf_page_folders?post=388889"}],"curies":[{"name":"wp","href":"https:\/\/api.w.org\/{rel}","templated":true}]}}